{"id":74030,"date":"2019-01-21T12:11:12","date_gmt":"2019-01-21T12:11:12","guid":{"rendered":"http:\/\/susanamartin.com\/?page_id=74030"},"modified":"2025-06-25T18:52:07","modified_gmt":"2025-06-25T18:52:07","slug":"about","status":"publish","type":"page","link":"https:\/\/susanamartin.com\/index.php\/about\/","title":{"rendered":"about"},"content":{"rendered":"<p>[vc_row unlock_row_content=\u00bbyes\u00bb row_height_percent=\u00bb0&#8243; override_padding=\u00bbyes\u00bb h_padding=\u00bb0&#8243; top_padding=\u00bb0&#8243; bottom_padding=\u00bb0&#8243; overlay_alpha=\u00bb50&#8243; gutter_size=\u00bb3&#8243; column_width_percent=\u00bb100&#8243; shift_y=\u00bb0&#8243; z_index=\u00bb0&#8243;][vc_column width=\u00bb1\/1&#8243;][vc_single_image media=\u00bb74031&#8243; media_width_percent=\u00bb100&#8243;][\/vc_column][\/vc_row][vc_row unlock_row_content=\u00bbyes\u00bb row_height_percent=\u00bb0&#8243; override_padding=\u00bbyes\u00bb h_padding=\u00bb2&#8243; top_padding=\u00bb2&#8243; bottom_padding=\u00bb2&#8243; overlay_alpha=\u00bb50&#8243; gutter_size=\u00bb3&#8243; column_width_percent=\u00bb100&#8243; shift_y=\u00bb0&#8243; z_index=\u00bb0&#8243;][vc_column width=\u00bb1\/1&#8243;][vc_row_inner][vc_column_inner width=\u00bb1\/3&#8243;][\/vc_column_inner][vc_column_inner width=\u00bb1\/3&#8243;][vc_custom_heading heading_semantic=\u00bbh1&#8243; text_size=\u00bbfontsize-155944&#8243; text_space=\u00bbfontspace-111509&#8243; text_font=\u00bbfont-459589&#8243; text_weight=\u00bb700&#8243; text_align=\u00bbtext-left\u00bb]Susana<br \/>\nMartin<br \/>\n[\/vc_custom_heading][\/vc_column_inner][vc_column_inner width=\u00bb1\/3&#8243;][\/vc_column_inner][\/vc_row_inner][\/vc_column][\/vc_row][vc_row unlock_row=\u00bb\u00bb row_height_percent=\u00bb0&#8243; override_padding=\u00bbyes\u00bb h_padding=\u00bb4&#8243; top_padding=\u00bb2&#8243; bottom_padding=\u00bb2&#8243; overlay_alpha=\u00bb50&#8243; gutter_size=\u00bb3&#8243; column_width_percent=\u00bb100&#8243; shift_y=\u00bb0&#8243; z_index=\u00bb0&#8243;][vc_column width=\u00bb1\/1&#8243;][vc_tabs][vc_tab no_margin=\u00bbyes\u00bb title=\u00bbABOUT ME\u00bb tab_id=\u00bb1434114947-1-821548062523191&#8243;][vc_column_text text_lead=\u00bbyes\u00bb]THEY HAD NOT NOTICE THE MAGIC,\u00a0 es el titulo de mi primera exposici\u00f3n fotogr\u00e1fica ( que disfrut\u00e9 con mi otra gran pasi\u00f3n, la m\u00fasica)\u00a0 y que tom\u00e9 prestado de un poema de Charles Bukowski, \u00abNirvana\u00bb.<\/p>\n<p>Poema que al leer por primera vez, me descubr\u00ed en \u00e9l.<\/p>\n<p>Siento que me define tanto en lo personal como en lo profesional:\u00a0 soy una enamorada cr\u00f3nica de sensaciones, personas, momentos&#8230;<\/p>\n<p>Utilizo mi trabajo para descubrir\u00a0 \u00abesa magia\u00bb a trav\u00e9s de mi mirada&#8230;<\/p>\n<p>&#8230;y el resto es t\u00e9cnica.[\/vc_column_text][\/vc_tab][vc_tab no_margin=\u00bbyes\u00bb title=\u00bbINFO\u00bb tab_id=\u00bb1434114947-2-861548062523191&#8243;][vc_column_text text_lead=\u00bbyes\u00bb]Mi primer contacto con el mundo audiovisual fue en la carrera de cine, en la especialidad de montaje.<\/p>\n<p>Trabaj\u00e9 como montadora en varias series de ficci\u00f3n espa\u00f1olas y despu\u00e9s comenc\u00e9 mi formaci\u00f3n en la fotograf\u00eda.<\/p>\n<p>Actualmente trabajo en estas dos vertientes.<br \/>\nEntre mis clientes figuran compan\u0303\u00edas teatrales, empresas editoriales, empresas del sector inmobiliario, actrices y actores.[\/vc_column_text][\/vc_tab][vc_tab no_margin=\u00bbyes\u00bb title=\u00bbCONTACT\u00bb tab_id=\u00bb1434115238057-2-11548062523191&#8243;][vc_empty_space empty_h=\u00bb2&#8243;][vc_column_text]<\/p>\n<h3>(+34) 699 15 52 98<br \/>\nsusana.martinmartin@gmail.com<\/h3>\n<p>[\/vc_column_text][vc_empty_space empty_h=\u00bb2&#8243;]\n<div class=\"wpcf7 no-js\" id=\"wpcf7-f74460-o1\" lang=\"es-ES\" dir=\"ltr\">\n<div class=\"screen-reader-response\"><p role=\"status\" aria-live=\"polite\" aria-atomic=\"true\"><\/p> <ul><\/ul><\/div>\n<form action=\"\/index.php\/wp-json\/wp\/v2\/pages\/74030#wpcf7-f74460-o1\" method=\"post\" class=\"wpcf7-form init\" aria-label=\"Formulario de contacto\" novalidate=\"novalidate\" data-status=\"init\">\n<div style=\"display: none;\">\n<input type=\"hidden\" name=\"_wpcf7\" value=\"74460\" \/>\n<input type=\"hidden\" name=\"_wpcf7_version\" value=\"5.7.5.1\" \/>\n<input type=\"hidden\" name=\"_wpcf7_locale\" value=\"es_ES\" \/>\n<input type=\"hidden\" name=\"_wpcf7_unit_tag\" value=\"wpcf7-f74460-o1\" \/>\n<input type=\"hidden\" name=\"_wpcf7_container_post\" value=\"0\" \/>\n<input type=\"hidden\" name=\"_wpcf7_posted_data_hash\" value=\"\" \/>\n<input type=\"hidden\" name=\"_wpcf7_recaptcha_response\" value=\"\" \/>\n<\/div>\n<p><label> Tu nombre (requerido)<br \/>\n<span class=\"wpcf7-form-control-wrap\" data-name=\"your-name\"><input size=\"40\" class=\"wpcf7-form-control wpcf7-text wpcf7-validates-as-required\" aria-required=\"true\" aria-invalid=\"false\" value=\"\" type=\"text\" name=\"your-name\" \/><\/span> <\/label>\n<\/p>\n<p><label> Tu correo electr\u00f3nico (requerido)<br \/>\n<span class=\"wpcf7-form-control-wrap\" data-name=\"your-email\"><input size=\"40\" class=\"wpcf7-form-control wpcf7-text wpcf7-email wpcf7-validates-as-required wpcf7-validates-as-email\" aria-required=\"true\" aria-invalid=\"false\" value=\"\" type=\"email\" name=\"your-email\" \/><\/span> <\/label>\n<\/p>\n<p><label> Asunto<br \/>\n<span class=\"wpcf7-form-control-wrap\" data-name=\"your-subject\"><input size=\"40\" class=\"wpcf7-form-control wpcf7-text\" aria-invalid=\"false\" value=\"\" type=\"text\" name=\"your-subject\" \/><\/span> <\/label>\n<\/p>\n<p><label> Tu mensaje<br \/>\n<span class=\"wpcf7-form-control-wrap\" data-name=\"your-message\"><textarea cols=\"40\" rows=\"10\" class=\"wpcf7-form-control wpcf7-textarea\" aria-invalid=\"false\" name=\"your-message\"><\/textarea><\/span> <\/label>\n<\/p>\n<p><input class=\"wpcf7-form-control has-spinner wpcf7-submit\" type=\"submit\" value=\"Enviar\" \/>\n<\/p><div class=\"wpcf7-response-output\" aria-hidden=\"true\"><\/div>\n<\/form>\n<\/div>\n[vc_single_image media=\u00bb74028&#8243; media_width_percent=\u00bb100&#8243;][\/vc_tab][\/vc_tabs][\/vc_column][\/vc_row]<\/p>\n","protected":false},"excerpt":{"rendered":"<p>[vc_row unlock_row_content=\u00bbyes\u00bb row_height_percent=\u00bb0&#8243; override_padding=\u00bbyes\u00bb h_padding=\u00bb0&#8243; top_padding=\u00bb0&#8243; bottom_padding=\u00bb0&#8243; overlay_alpha=\u00bb50&#8243; gutter_size=\u00bb3&#8243; column_width_percent=\u00bb100&#8243; shift_y=\u00bb0&#8243; z_index=\u00bb0&#8243;][vc_column width=\u00bb1\/1&#8243;][vc_single_image media=\u00bb74031&#8243; media_width_percent=\u00bb100&#8243;][\/vc_column][\/vc_row][vc_row unlock_row_content=\u00bbyes\u00bb row_height_percent=\u00bb0&#8243; override_padding=\u00bbyes\u00bb h_padding=\u00bb2&#8243; top_padding=\u00bb2&#8243; [&hellip;]<\/p>\n","protected":false},"author":1,"featured_media":0,"parent":0,"menu_order":0,"comment_status":"closed","ping_status":"closed","template":"","meta":[],"_links":{"self":[{"href":"https:\/\/susanamartin.com\/index.php\/wp-json\/wp\/v2\/pages\/74030"}],"collection":[{"href":"https:\/\/susanamartin.com\/index.php\/wp-json\/wp\/v2\/pages"}],"about":[{"href":"https:\/\/susanamartin.com\/index.php\/wp-json\/wp\/v2\/types\/page"}],"author":[{"embeddable":true,"href":"https:\/\/susanamartin.com\/index.php\/wp-json\/wp\/v2\/users\/1"}],"replies":[{"embeddable":true,"href":"https:\/\/susanamartin.com\/index.php\/wp-json\/wp\/v2\/comments?post=74030"}],"version-history":[{"count":54,"href":"https:\/\/susanamartin.com\/index.php\/wp-json\/wp\/v2\/pages\/74030\/revisions"}],"predecessor-version":[{"id":74848,"href":"https:\/\/susanamartin.com\/index.php\/wp-json\/wp\/v2\/pages\/74030\/revisions\/74848"}],"wp:attachment":[{"href":"https:\/\/susanamartin.com\/index.php\/wp-json\/wp\/v2\/media?parent=74030"}],"curies":[{"name":"wp","href":"https:\/\/api.w.org\/{rel}","templated":true}]}}